{"id":2550,"date":"2025-10-27T08:04:55","date_gmt":"2025-10-27T06:04:55","guid":{"rendered":"https:\/\/nutrisense.com.ro\/?post_type=product&#038;p=2550"},"modified":"2026-01-18T12:40:41","modified_gmt":"2026-01-18T10:40:41","slug":"ghidul-tau-pentru-un-somn-linistitor-si-neintrerupt","status":"publish","type":"product","link":"https:\/\/nutrisense.com.ro\/en\/produse\/ghidul-tau-pentru-un-somn-linistitor-si-neintrerupt\/","title":{"rendered":"The guide to restful and uninterrupted sleep"},"content":{"rendered":"<div data-olk-copy-source=\"MailCompose\">\ud83c\udf19\u00a0<b>Your guide to restful and uninterrupted sleep!<\/b>\u00a0\ud83c\udf19<\/div>\n<div data-olk-copy-source=\"MailCompose\"><\/div>\n<div>Are you tired of restless nights, frequent awakenings and persistent fatigue? Discover my new ebook, dedicated to all those who want to transform their sleep into a real source of energy, balance and health! \ud83d\udcd6\u2728<\/div>\n<div>This guide is for you if:<\/div>\n<ul>\n<li>Are you experiencing insomnia, fragmented sleep, or difficulty falling asleep?<\/li>\n<li>You want to optimize your metabolic, digestive, cardiovascular and mental health<\/li>\n<li>\n<div role=\"presentation\">You feel like stress or chaotic routines are affecting your sleep<\/div>\n<\/li>\n<li>Do you want to wake up refreshed, with a clear mind and a zest for life?<\/li>\n<\/ul>\n<div>What you will find in the ebook:<\/div>\n<div>\u2705 Clear explanations about the phases of sleep and the importance of each stage<\/div>\n<div>\u2705 How to regulate your circadian rhythm for deep sleep<\/div>\n<div>\u2705 Complete protocol, based on scientific studies, with easy-to-implement daily habits<\/div>\n<div>\u2705 Various relaxation techniques, adapted to any personality<\/div>\n<div>\u2705 Practical tips to eliminate factors that disrupt your rest<\/div>\n<div><\/div>\n<div><b>The benefits you will feel if you follow the protocol:<\/b><\/div>\n<ul>\n<li>Metabolic balance and weight control<\/li>\n<li>Stronger immunity and healthy digestion<\/li>\n<li>Mental clarity, creativity and energy throughout the day<\/li>\n<li>Stable emotional state and effective stress management<\/li>\n<li>Reducing the risk of chronic diseases and improving quality of life<\/li>\n<\/ul>\n<div>Sleep is not just a break, but an act of profound health maintenance! Transform your nights and enjoy days full of vitality! \ud83c\udf1f<\/div>\n<div>\ud83d\udce5 Download the brochure now and start your journey to restful sleep!<\/div>","protected":false},"excerpt":{"rendered":"<p>\ud83c\udf19\u00a0Ghidul t\u0103u pentru un somn odihnitor \u0219i ne\u00eentrerupt!\u00a0\ud83c\udf19 Te-ai s\u0103turat de nop\u021bi agitate, treziri frecvente \u0219i oboseal\u0103 care nu dispare? Descoper\u0103 noul meu ebook, dedicat tuturor celor care vor s\u0103-\u0219i transforme somnul \u00eentr-o surs\u0103 real\u0103 de energie, echilibru \u0219i s\u0103n\u0103tate! \ud83d\udcd6\u2728 Acest ghid este pentru tine dac\u0103: Te confrun\u021bi cu insomnii, somn fragmentat sau dificult\u0103\u021bi [&hellip;]<\/p>\n","protected":false},"featured_media":2552,"comment_status":"open","ping_status":"closed","template":"","meta":{"_themeisle_gutenberg_block_has_review":false},"product_brand":[],"product_cat":[28],"product_tag":[142,143,144,141],"class_list":{"0":"post-2550","1":"product","2":"type-product","3":"status-publish","4":"has-post-thumbnail","6":"product_cat-brosuri-pdf-e-books","7":"product_tag-insomnie","8":"product_tag-somn-linistit","9":"product_tag-somn-neintrerupt","10":"product_tag-somn-odihnitor","12":"first","13":"instock","14":"downloadable","15":"virtual","16":"purchasable","17":"product-type-simple"},"_links":{"self":[{"href":"https:\/\/nutrisense.com.ro\/en\/wp-json\/wp\/v2\/product\/2550","targetHints":{"allow":["GET"]}}],"collection":[{"href":"https:\/\/nutrisense.com.ro\/en\/wp-json\/wp\/v2\/product"}],"about":[{"href":"https:\/\/nutrisense.com.ro\/en\/wp-json\/wp\/v2\/types\/product"}],"replies":[{"embeddable":true,"href":"https:\/\/nutrisense.com.ro\/en\/wp-json\/wp\/v2\/comments?post=2550"}],"wp:featuredmedia":[{"embeddable":true,"href":"https:\/\/nutrisense.com.ro\/en\/wp-json\/wp\/v2\/media\/2552"}],"wp:attachment":[{"href":"https:\/\/nutrisense.com.ro\/en\/wp-json\/wp\/v2\/media?parent=2550"}],"wp:term":[{"taxonomy":"product_brand","embeddable":true,"href":"https:\/\/nutrisense.com.ro\/en\/wp-json\/wp\/v2\/product_brand?post=2550"},{"taxonomy":"product_cat","embeddable":true,"href":"https:\/\/nutrisense.com.ro\/en\/wp-json\/wp\/v2\/product_cat?post=2550"},{"taxonomy":"product_tag","embeddable":true,"href":"https:\/\/nutrisense.com.ro\/en\/wp-json\/wp\/v2\/product_tag?post=2550"}],"curies":[{"name":"wp","href":"https:\/\/api.w.org\/{rel}","templated":true}]}}