{"id":1971,"date":"2025-06-24T09:26:46","date_gmt":"2025-06-24T07:26:46","guid":{"rendered":"https:\/\/nutrisense.com.ro\/?post_type=product&#038;p=1971"},"modified":"2026-03-09T15:11:53","modified_gmt":"2026-03-09T13:11:53","slug":"retete-antiinflamatoare-bogate-in-nutrienti","status":"publish","type":"product","link":"https:\/\/nutrisense.com.ro\/en\/produse\/retete-antiinflamatoare-bogate-in-nutrienti\/","title":{"rendered":"Anti-inflammatory, nutrient-rich recipes"},"content":{"rendered":"<p>Discover <strong>50 anti-inflammatory recipes<\/strong> delicious and easy to prepare, specially designed to support the body in the fight against conditions such as <strong>endometriosis, adenomyosis and other inflammatory diseases.<\/strong> The book follows the principles of the anti-inflammatory diet and gives you healthy ideas for breakfast, lunch, dinner, and desserts, all designed to reduce inflammation and support hormonal balance.<\/p>\n<p>In addition to tasty recipes, you will also find a <strong>BONUS<\/strong> packed with useful and surprising information that will help you better understand the role of nutrition in your health. An essential guide for anyone who wants to feel better, day after day!<\/p>\n<p><em><strong>Download now and get rid of symptoms and inflammation!<\/strong><\/em><\/p>","protected":false},"excerpt":{"rendered":"<p>Descoper\u0103 50 de re\u021bete antiinflamatoare delicioase \u0219i u\u0219or de preparat, concepute special pentru a sus\u021bine organismul \u00een lupta cu afec\u021biuni precum endometrioza, adenomioza \u0219i alte boli cu caracter inflamator. Cartea urmeaz\u0103 principiile dietei antiinflamatoare \u0219i \u00ee\u021bi ofer\u0103 idei s\u0103n\u0103toase pentru micul dejun, pr\u00e2nz, cin\u0103 \u0219i deserturi, toate g\u00e2ndite pentru a reduce inflama\u021bia \u0219i a sprijini [&hellip;]<\/p>\n","protected":false},"featured_media":1972,"comment_status":"open","ping_status":"closed","template":"","meta":{"_themeisle_gutenberg_block_has_review":false},"product_brand":[],"product_cat":[28],"product_tag":[131,130],"class_list":{"0":"post-1971","1":"product","2":"type-product","3":"status-publish","4":"has-post-thumbnail","6":"product_cat-brosuri-pdf-e-books","7":"product_tag-dieta-antiinflamatoare","8":"product_tag-retete-antiinflamatoare","10":"first","11":"instock","12":"downloadable","13":"virtual","14":"purchasable","15":"product-type-simple"},"_links":{"self":[{"href":"https:\/\/nutrisense.com.ro\/en\/wp-json\/wp\/v2\/product\/1971","targetHints":{"allow":["GET"]}}],"collection":[{"href":"https:\/\/nutrisense.com.ro\/en\/wp-json\/wp\/v2\/product"}],"about":[{"href":"https:\/\/nutrisense.com.ro\/en\/wp-json\/wp\/v2\/types\/product"}],"replies":[{"embeddable":true,"href":"https:\/\/nutrisense.com.ro\/en\/wp-json\/wp\/v2\/comments?post=1971"}],"wp:featuredmedia":[{"embeddable":true,"href":"https:\/\/nutrisense.com.ro\/en\/wp-json\/wp\/v2\/media\/1972"}],"wp:attachment":[{"href":"https:\/\/nutrisense.com.ro\/en\/wp-json\/wp\/v2\/media?parent=1971"}],"wp:term":[{"taxonomy":"product_brand","embeddable":true,"href":"https:\/\/nutrisense.com.ro\/en\/wp-json\/wp\/v2\/product_brand?post=1971"},{"taxonomy":"product_cat","embeddable":true,"href":"https:\/\/nutrisense.com.ro\/en\/wp-json\/wp\/v2\/product_cat?post=1971"},{"taxonomy":"product_tag","embeddable":true,"href":"https:\/\/nutrisense.com.ro\/en\/wp-json\/wp\/v2\/product_tag?post=1971"}],"curies":[{"name":"wp","href":"https:\/\/api.w.org\/{rel}","templated":true}]}}