{"id":2594,"date":"2025-11-14T15:31:15","date_gmt":"2025-11-14T13:31:15","guid":{"rendered":"https:\/\/nutrisense.com.ro\/register\/"},"modified":"2025-11-14T15:31:15","modified_gmt":"2025-11-14T13:31:15","slug":"register","status":"publish","type":"page","link":"https:\/\/nutrisense.com.ro\/en\/register\/","title":{"rendered":"Register"},"content":{"rendered":"<form id=\"pms_register-form\" class=\"pms-form\" method=\"POST\" action=\"\">\n\n    \n    <input type=\"hidden\" id=\"pmstkn\" name=\"pmstkn\" value=\"011bd081f0\" \/><input type=\"hidden\" name=\"_wp_http_referer\" value=\"\/en\/wp-json\/wp\/v2\/pages\/2594\" \/>\n    <ul class=\"pms-form-fields-wrapper\">\n\n        \n        \n        <div class=\"pms-account-section-wrapper\">\n            \n                        <li class=\"pms-field pms-user-login-field\">\n                <label for=\"pms_user_login\">Username *<\/label>\n                <input id=\"pms_user_login\" name=\"user_login\" type=\"text\" value=\"\" \/>\n\n                            <\/li>\n\n                        <li class=\"pms-field pms-user-email-field\">\n                <label for=\"pms_user_email\">E-mail *<\/label>\n                <input id=\"pms_user_email\" name=\"user_email\" type=\"text\" value=\"\" \/>\n\n                            <\/li>\n\n                        <li class=\"pms-field pms-first-name-field\">\n                <label for=\"pms_first_name\">First Name<\/label>\n                <input id=\"pms_first_name\" name=\"first_name\" type=\"text\" value=\"\" \/>\n\n                            <\/li>\n\n                        <li class=\"pms-field pms-last-name-field\">\n                <label for=\"pms_last_name\">Last Name<\/label>\n                <input id=\"pms_last_name\" name=\"last_name\" type=\"text\" value=\"\" \/>\n\n                            <\/li>\n\n                        <li class=\"pms-field pms-pass1-field\">\n                <label for=\"pms_pass1\">Password *<\/label>\n                <input id=\"pms_pass1\" name=\"pass1\" type=\"password\" \/>\n\n                \n                            <\/li>\n\n                        <li class=\"pms-field pms-pass2-field\">\n                <label for=\"pms_pass2\">Repeat Password *<\/label>\n                <input id=\"pms_pass2\" name=\"pass2\" type=\"password\" \/>\n\n                            <\/li>\n\n                    <\/div>\n\n        \n        <li class=\"pms-field pms-field-subscriptions\"><div class=\"pms-subscription-plan pms-hidden pms-subscription-plan-2598\"><input type=\"hidden\" name=\"subscription_plans\" data-price=\"1470\" data-duration=\"4\" data-fixed_membership=\"\" data-allow_renew=\"\" data-sign_up_fee=\"1470\" data-trial=\"0\" data-recurring=\"3\"  value=\"2598\" \/><label><span class=\"pms-subscription-plan-name\">EndoHarmony - Ritualuri pentru un corp f\u0103r\u0103 durere (120 de zile de resetare feminin\u0103)<\/span><span class=\"pms-subscription-plan-price\"><span class=\"pms-divider\"> - <\/span><span class=\"pms-subscription-plan-price-value\">1,470<\/span><span class=\"pms-subscription-plan-currency\">&#108;&#101;&#105;<\/span><span class=\"pms-divider pms-duration-divider\"> \/ <\/span><span class=\"pms-subscription-plan-duration\">4 Months<\/span><\/span><span class=\"pms-subscription-plan-trial\"><\/span><span class=\"pms-subscription-plan-sign-up-fee\"> and a 1,470&#108;&#101;&#105; sign-up fee<\/span><\/label><div class=\"pms-subscription-plan-description\">EndoHarmony este un program de 4 luni creat special pentru femeile care tr\u0103iesc cu endometrioz\u0103 \u0219i inflama\u021bie cronic\u0103 \u2014 un parcurs bl\u00e2nd, structurat \u0219i transformator, care te ajut\u0103 s\u0103-\u021bi recape\u021bi controlul asupra corpului t\u0103u \u0219i s\u0103 reduci treptat durerea, balonarea, oboseala \u0219i dezechilibrele hormonale.\r\n\r\nAcest program nu este despre restric\u021bii, ci despre ritualuri: gesturi zilnice, simple \u0219i sustenabile, care restabilesc echilibrul corpului t\u0103u pas cu pas.\r\nEste despre a-\u021bi \u00een\u021belege corpul, a-l proteja \u0219i a-l sprijini \u00een ritmul lui, cu r\u0103bdare \u0219i compasiune.\r\n\r\n\u00cen 90 de zile, vei \u00eenv\u0103\u021ba cum s\u0103:\r\n\r\nreduci inflama\u021bia prin alimenta\u021bie intuitiv\u0103 \u0219i potrivit\u0103 pentru endometrioz\u0103\r\n\r\nsprijini echilibrul hormonal cu ajutorul ficatului, digestiei \u0219i microbiomului\r\n\r\nelimini balonarea \u0219i disconfortul intestinal\r\n\r\nscazi intensitatea \u0219i frecven\u021ba durerilor pelvine\r\n\r\nreduci stresul \u0219i suprastimularea sistemului nervos\r\n\r\nconstruie\u0219ti rutine feminine care \u00ee\u021bi sus\u021bin \u00eentregul ciclu menstrual\r\n\r\n\u00ee\u021bi ascul\u021bi corpul \u0219i \u00ee\u021bi recape\u021bi \u00eencrederea \u00een el\r\n\r\nEndoHarmony nu este un tratament rapid, ci o c\u0103l\u0103torie ghidat\u0103 de 12 s\u0103pt\u0103m\u00e2ni \u00een care vei descoperi cum corpul t\u0103u poate r\u0103spunde spectaculos la sprijinul potrivit.\r\nEste o resetare profund\u0103, de la interior c\u0103tre exterior.\r\n\r\nProgramul include explica\u021bii clare, ritualuri zilnice \u0219i s\u0103pt\u0103m\u00e2nale, fi\u0219e de monitorizare, recomand\u0103ri alimentare, strategii de reducere a stresului, suport digestiv \u0219i hormonal, instrumente practice \u0219i planuri u\u0219or de aplicat.\r\n\r\n\u2728 Este pentru tine dac\u0103\r\n\r\nvrei mai pu\u021bin\u0103 durere \u0219i mai mult\u0103 libertate \u00een corp\r\n\r\nsim\u021bi c\u0103 inflama\u021bia \u0219i dezechilibrele hormonale \u00ee\u021bi afecteaz\u0103 via\u021ba\r\n\r\nai \u00eencercat multe, dar f\u0103r\u0103 rezultate sustenabile\r\n\r\n\u00ee\u021bi dore\u0219ti o abordare holistic\u0103, feminin\u0103 \u0219i validant\u0103\r\n\r\nvrei s\u0103 construie\u0219ti obiceiuri reale, nu solu\u021bii temporare\r\n\r\nEndoHarmony te \u00eenva\u021b\u0103 cum s\u0103 devii aliata propriului t\u0103u corp \u2014\r\ncu bl\u00e2nde\u021be, cu \u00een\u021belepciune \u0219i f\u0103r\u0103 presiunea perfec\u021biunii.\r\n\r\n\ud83c\udf3f Acum \u00eencepe vindecarea ta con\u0219tient\u0103.\r\n\ud83c\udf19 Acum \u00eencepe armonia ta feminin\u0103.<\/div><\/div><input type=\"hidden\" name=\"pms_default_recurring\" value=\"3\" \/><\/li>\n    <\/ul>\n\n    <span id=\"pms-submit-button-loading-placeholder-text\" style=\"display: none;\">Processing. Please wait...<\/span><div class=\"pms-paygates-holder\"><div id=\"pms-paygates-wrapper\"><input type=\"hidden\" class=\"pms_pay_gate\" name=\"pay_gate\" value=\"stripe_connect\" data-sign_up_fee=\"1\" data-trial=\"1\" data-recurring=\"1\"  data-type=\"extra_fields\" \/><\/div><\/div><input type=\"hidden\" id=\"pms-process-checkout-nonce\" name=\"pms_process_checkout_nonce\" value=\"ba5286ec16\"\/>\n            <input class=\"pms-form-submit\" name=\"pms_register\" type=\"submit\" value=\"Register\" \/>\n    \n<input type=\"hidden\" name=\"trp-form-language\" value=\"en\"\/><\/form>","protected":false},"excerpt":{"rendered":"","protected":false},"author":2,"featured_media":0,"parent":0,"menu_order":0,"comment_status":"closed","ping_status":"closed","template":"","meta":{"_themeisle_gutenberg_block_has_review":false,"footnotes":""},"class_list":["post-2594","page","type-page","status-publish","hentry"],"_links":{"self":[{"href":"https:\/\/nutrisense.com.ro\/en\/wp-json\/wp\/v2\/pages\/2594","targetHints":{"allow":["GET"]}}],"collection":[{"href":"https:\/\/nutrisense.com.ro\/en\/wp-json\/wp\/v2\/pages"}],"about":[{"href":"https:\/\/nutrisense.com.ro\/en\/wp-json\/wp\/v2\/types\/page"}],"author":[{"embeddable":true,"href":"https:\/\/nutrisense.com.ro\/en\/wp-json\/wp\/v2\/users\/2"}],"replies":[{"embeddable":true,"href":"https:\/\/nutrisense.com.ro\/en\/wp-json\/wp\/v2\/comments?post=2594"}],"version-history":[{"count":0,"href":"https:\/\/nutrisense.com.ro\/en\/wp-json\/wp\/v2\/pages\/2594\/revisions"}],"wp:attachment":[{"href":"https:\/\/nutrisense.com.ro\/en\/wp-json\/wp\/v2\/media?parent=2594"}],"curies":[{"name":"wp","href":"https:\/\/api.w.org\/{rel}","templated":true}]}}